{"id":790,"date":"2025-12-19T21:17:42","date_gmt":"2025-12-19T19:17:42","guid":{"rendered":"https:\/\/sailaseppoart.fi\/?post_type=product&#038;p=790"},"modified":"2025-12-19T21:18:41","modified_gmt":"2025-12-19T19:18:41","slug":"olenko-taalla","status":"publish","type":"product","link":"https:\/\/sailaseppoart.fi\/en\/product\/olenko-taalla\/","title":{"rendered":"Olenko t\u00e4\u00e4ll\u00e4?"},"content":{"rendered":"<p>Photographed in 2023 and the photograph is A4 size. It is lightly attached to a white background.<\/p>","protected":false},"excerpt":{"rendered":"<p>A4-size photograph on white background<\/p>","protected":false},"featured_media":773,"template":"","meta":[],"product_brand":[],"product_cat":[55,50],"product_tag":[57],"class_list":{"0":"post-790","1":"product","2":"type-product","3":"status-publish","4":"has-post-thumbnail","6":"product_cat-valokuva","7":"product_cat-valokuvat","8":"product_tag-kesa","10":"first","11":"instock","12":"taxable","13":"shipping-taxable","14":"purchasable","15":"product-type-simple"},"_links":{"self":[{"href":"https:\/\/sailaseppoart.fi\/en\/wp-json\/wp\/v2\/product\/790","targetHints":{"allow":["GET"]}}],"collection":[{"href":"https:\/\/sailaseppoart.fi\/en\/wp-json\/wp\/v2\/product"}],"about":[{"href":"https:\/\/sailaseppoart.fi\/en\/wp-json\/wp\/v2\/types\/product"}],"wp:featuredmedia":[{"embeddable":true,"href":"https:\/\/sailaseppoart.fi\/en\/wp-json\/wp\/v2\/media\/773"}],"wp:attachment":[{"href":"https:\/\/sailaseppoart.fi\/en\/wp-json\/wp\/v2\/media?parent=790"}],"wp:term":[{"taxonomy":"product_brand","embeddable":true,"href":"https:\/\/sailaseppoart.fi\/en\/wp-json\/wp\/v2\/product_brand?post=790"},{"taxonomy":"product_cat","embeddable":true,"href":"https:\/\/sailaseppoart.fi\/en\/wp-json\/wp\/v2\/product_cat?post=790"},{"taxonomy":"product_tag","embeddable":true,"href":"https:\/\/sailaseppoart.fi\/en\/wp-json\/wp\/v2\/product_tag?post=790"}],"curies":[{"name":"wp","href":"https:\/\/api.w.org\/{rel}","templated":true}]}}